{"id":10934,"date":"2026-01-20T19:45:04","date_gmt":"2026-01-20T18:45:04","guid":{"rendered":"https:\/\/www.tubosdebaja.com\/?page_id=10934"},"modified":"2026-03-06T13:00:36","modified_gmt":"2026-03-06T12:00:36","slug":"aviso-legal","status":"publish","type":"page","link":"https:\/\/www.tubosdebaja.com\/es\/aviso-legal\/","title":{"rendered":"Aviso legal"},"content":{"rendered":"<div class=\"wpb-content-wrapper\"><div data-vc-full-width=\"true\" data-vc-full-width-temp=\"true\" data-vc-full-width-init=\"false\" class=\"vc_row wpb_row vc_row-fluid vc_custom_1768934456706 vc_row-has-fill wd-rs-696fcc2438408\"><div class=\"wpb_column vc_column_container vc_col-sm-2\"><div class=\"vc_column-inner\"><div class=\"wpb_wrapper\"><\/div><\/div><\/div><div class=\"wpb_column vc_column_container vc_col-sm-8 vc_col-has-fill wd-rs-696fcc11efa5f\"><div class=\"vc_column-inner vc_custom_1768934432724\"><div class=\"wpb_wrapper\">\n\t<div class=\"wpb_text_column wpb_content_element\" >\n\t\t<div class=\"wpb_wrapper\">\n\t\t\t<h2 style=\"text-align: center;\">AVISO LEGAL Y CONDICIONES GENERALES DE USO<\/h2>\n<h4 style=\"text-align: center;\">www.tubosdebaja.com<\/h4>\n<p>&nbsp;<\/p>\n<p style=\"text-align: justify;\"><strong>I. INFORMACI\u00d3N GENERAL<\/strong><\/p>\n<p style=\"text-align: justify;\">En cumplimiento con el deber de informaci\u00f3n dispuesto en la Ley 34\/2002 de Servicios de la Sociedad de la Informaci\u00f3n y el Comercio Electr\u00f3nico (LSSI-CE) de 11 de julio, se facilitan a continuaci\u00f3n los siguientes datos de informaci\u00f3n general de este sitio web:<\/p>\n<p style=\"text-align: justify;\">La titularidad de este sitio web, www.tubosdebaja.com, la ostenta: VILATRENZ 2000 S.L., provista de NIF: B61558045 e inscrita en el Registro Mercantil de Barcelona, Tomo 30372, Folio 41, Hoja B-174274, Inscripci\u00f3n 1\u00aa. El representante es Jaume Tutusaus, cuyos datos de contacto son:<\/p>\n<p style=\"text-align: justify;\">Direcci\u00f3n: C\/ Pere Jacas, 13 \u2013 7\u00ba 2\u00aa<br \/>\nTel\u00e9fono de contacto: 938 930 656<br \/>\nEmail de contacto: info@tubosdebaja.com<\/p>\n<p style=\"text-align: justify;\"><strong>II. T\u00c9RMINOS Y CONDICIONES GENERALES DE USO<\/strong><\/p>\n<p style=\"text-align: justify;\">El objeto de las condiciones: El Sitio Web<br \/>\nEl objeto de las presentes Condiciones Generales de Uso (en adelante, Condiciones) es regular el acceso y la utilizaci\u00f3n del Sitio Web. A los efectos de las presentes Condiciones se entender\u00e1 como Sitio Web: la apariencia externa de los interfaces de pantalla, tanto de forma est\u00e1tica como de forma din\u00e1mica, es decir, el \u00e1rbol de navegaci\u00f3n (en adelante, Contenidos) y todos aquellos servicios o recursos en l\u00ednea que en su caso ofrezca a los Usuarios (en adelante, Servicios). Asimismo, estas condiciones regulan el acceso a la informaci\u00f3n t\u00e9cnica, fichas de producto y utilidades de compra de tubos flexibles, mangueras reforzadas y sistemas de protecci\u00f3n para fluidos y gases.<br \/>\nSe reserva la facultad de modificar, en cualquier momento, y sin aviso previo, la presentaci\u00f3n y configuraci\u00f3n del Sitio Web y de los Contenidos y Servicios que en \u00e9l pudieran estar incorporados. El Usuario reconoce y acepta que en cualquier momento pueda interrumpir, desactivar y\/o cancelar cualquiera de estos elementos que se integran en el Sitio Web o el acceso a los mismos.<\/p>\n<p style=\"text-align: justify;\">El acceso al Sitio Web por el Usuario tiene car\u00e1cter libre y, por regla general, es gratuito sin que el Usuario tenga que proporcionar una contraprestaci\u00f3n para poder disfrutar de ello, salvo en lo relativo al coste de conexi\u00f3n a trav\u00e9s de la red de telecomunicaciones suministrada por el proveedor de acceso que hubiere contratado el Usuario.<\/p>\n<p style=\"text-align: justify;\">La utilizaci\u00f3n de alguno de los Contenidos o Servicios del Sitio Web podr\u00e1 hacerse mediante la suscripci\u00f3n o registro previo del Usuario.<\/p>\n<p style=\"text-align: justify;\"><strong>El Usuario<\/strong><\/p>\n<p style=\"text-align: justify;\">El acceso, la navegaci\u00f3n y uso del Sitio Web, confiere la condici\u00f3n de Usuario, por lo que se aceptan, desde que se inicia la navegaci\u00f3n por el Sitio Web, todas las Condiciones aqu\u00ed establecidas, as\u00ed como sus ulteriores modificaciones, sin perjuicio de la aplicaci\u00f3n de la correspondiente normativa legal de obligado cumplimiento seg\u00fan el caso. Dada la relevancia de lo anterior, se recomienda al Usuario leerlas cada vez que visite el Sitio Web.<\/p>\n<p style=\"text-align: justify;\">El Sitio Web de Tubosdebaja proporciona gran diversidad de informaci\u00f3n, servicios y datos. El Usuario asume su responsabilidad para realizar un uso correcto del Sitio Web. Esta responsabilidad se extender\u00e1 a:<\/p>\n<ul style=\"text-align: justify;\">\n<li style=\"text-align: justify;\">Un uso de la informaci\u00f3n, Contenidos y\/o Servicios y datos ofrecidos por Tubosdebaja sin que sea contrario a lo dispuesto por las presentes Condiciones, la Ley, la moral o el orden p\u00fablico, o que de cualquier otro modo puedan suponer lesi\u00f3n de los derechos de terceros o del mismo funcionamiento del Sitio Web.<\/li>\n<li style=\"text-align: justify;\">La veracidad y licitud de las informaciones aportadas por el Usuario en los formularios extendidos por Tubosdebaja para el acceso a ciertos Contenidos o Servicios ofrecidos por el Sitio Web. En todo caso, el Usuario notificar\u00e1 de forma inmediata acerca de cualquier hecho que permita el uso indebido de la informaci\u00f3n registrada en dichos formularios, tales como, pero no solo, el robo, extrav\u00edo, o el acceso no autorizado a identificadores y\/o contrase\u00f1as, con el fin de proceder a su inmediata cancelaci\u00f3n.<\/li>\n<\/ul>\n<p style=\"text-align: justify;\">Este Sitio Web se configura como una plataforma de informaci\u00f3n t\u00e9cnica y comercio electr\u00f3nico, por lo que actualmente no dispone de herramientas de participaci\u00f3n p\u00fablica, tales como foros, secciones de comentarios o herramientas de blogging.<\/p>\n<p style=\"text-align: justify;\">La interacci\u00f3n del Usuario se limita exclusivamente al uso de los formularios de contacto y registro de pedidos facilitados por VILATRENZ 2000 S.L. El Usuario se compromete a que cualquier comunicaci\u00f3n enviada a trav\u00e9s de estos canales sea l\u00edcita, veraz y no lesione derechos de terceros.<\/p>\n<p style=\"text-align: justify;\">En consecuencia, VILATRENZ 2000 S.L. declina cualquier responsabilidad derivada de opiniones o contenidos publicados por terceros en plataformas ajenas a este Sitio Web. El mero acceso a este Sitio Web no supone entablar ning\u00fan tipo de relaci\u00f3n de car\u00e1cter comercial entre Tubosdebaja y el Usuario.<\/p>\n<p style=\"text-align: justify;\">El Usuario declara ser mayor de edad y disponer de la capacidad jur\u00eddica suficiente para vincularse por las presentes Condiciones. Por lo tanto, este Sitio Web de Tubosdebaja no se dirige a menores de edad. Declina cualquier responsabilidad por el incumplimiento de este requisito.<\/p>\n<p style=\"text-align: justify;\"><strong>III. ACCESO Y NAVEGACI\u00d3N EN EL SITIO WEB: EXCLUSI\u00d3N DE GARANT\u00cdAS Y RESPONSABILIDAD<\/strong><\/p>\n<p style=\"text-align: justify;\">VILATRENZ 2000 S.L. no garantiza la continuidad, disponibilidad y utilidad del Sitio Web, ni de los Contenidos o Servicios. VILATRENZ 2000 S.L. har\u00e1 todo lo posible por el buen funcionamiento del Sitio Web, sin embargo, no se responsabiliza ni garantiza que el acceso a este Sitio Web no vaya a ser ininterrumpido o que est\u00e9 libre de error.<\/p>\n<p style=\"text-align: justify;\">Tampoco se responsabiliza o garantiza que el contenido o software al que pueda accederse a trav\u00e9s de este Sitio Web, est\u00e9 libre de error o cause un da\u00f1o al sistema inform\u00e1tico (software y hardware) del Usuario. En ning\u00fan caso ser\u00e1 responsable por las p\u00e9rdidas, da\u00f1os o perjuicios de cualquier tipo que surjan por el acceso, navegaci\u00f3n y el uso del Sitio Web, incluy\u00e9ndose, pero no limit\u00e1ndose, a los ocasionados a los sistemas inform\u00e1ticos o los provocados por la introducci\u00f3n de virus.<\/p>\n<p style=\"text-align: justify;\">VILATRENZ 2000 S.L tampoco se hace responsable de los da\u00f1os que pudiesen ocasionarse a los usuarios por un uso inadecuado de este Sitio Web. En particular, no se hace responsable en modo alguno de las ca\u00eddas, interrupciones, falta o defecto de las telecomunicaciones que pudieran ocurrir.<\/p>\n<p style=\"text-align: justify;\">VILATRENZ 2000 S.L. garantiza que este Sitio Web cumple con los requisitos de la Ley Europea de Accesibilidad (EAA) 2025. Asimismo, garantiza que los sistemas de registro de las operaciones comerciales cumplen con la normativa de integridad y trazabilidad (Sistema Verifactu) conforme a la Ley Antifraude vigente.<\/p>\n<p style=\"text-align: justify;\"><strong>IV. POL\u00cdTICA DE ENLACES<\/strong><\/p>\n<p style=\"text-align: justify;\">Se informa que el Sitio Web de Tubosdebaja pone o puede poner a disposici\u00f3n de los Usuarios medios de enlace (como, entre otros, links, banners, botones), directorios y motores de b\u00fasqueda que permiten a los Usuarios acceder a sitios web pertenecientes y\/o gestionados por terceros.<\/p>\n<p style=\"text-align: justify;\">La instalaci\u00f3n de estos enlaces, directorios y motores de b\u00fasqueda en el Sitio Web tiene por objeto facilitar a los Usuarios la b\u00fasqueda y acceso a la informaci\u00f3n disponible en Internet, sin que pueda considerarse una sugerencia, recomendaci\u00f3n o invitaci\u00f3n para la visita de los mismos.<\/p>\n<p style=\"text-align: justify;\">Tubosdebaja no ofrece ni comercializa por s\u00ed ni por medio de terceros los productos y\/o servicios disponibles en dichos sitios enlazados.<\/p>\n<p style=\"text-align: justify;\">Asimismo, tampoco garantizar\u00e1 la disponibilidad t\u00e9cnica, exactitud, veracidad, validez o legalidad de sitios ajenos a su propiedad a los que se pueda acceder por medio de los enlaces.<\/p>\n<p style=\"text-align: justify;\">Tubosdebaja en ning\u00fan caso revisar\u00e1 o controlar\u00e1 el contenido de otros sitios web, as\u00ed como tampoco aprueba, examina ni hace propios los productos y servicios, contenidos, archivos y cualquier otro material existente en los referidos sitios enlazados.<\/p>\n<p style=\"text-align: justify;\">Tubosdebaja no asume ninguna responsabilidad por los da\u00f1os y perjuicios que pudieran producirse por el acceso, uso, calidad o licitud de los contenidos, comunicaciones, opiniones, productos y servicios de los sitios web no gestionados por Tubosdebaja y que sean enlazados en este Sitio Web.<\/p>\n<p style=\"text-align: justify;\">El Usuario o tercero que realice un hiperv\u00ednculo desde una p\u00e1gina web de otro, distinto, sitio web al Sitio Web de deber\u00e1 saber que:<\/p>\n<ul style=\"text-align: justify;\">\n<li style=\"text-align: justify;\">No se permite la reproducci\u00f3n \u2014total o parcialmente\u2014 de ninguno de los Contenidos y\/o Servicios del Sitio Web sin autorizaci\u00f3n expresa de Tubosdebaja.<\/li>\n<li style=\"text-align: justify;\">No se permite tampoco ninguna manifestaci\u00f3n falsa, inexacta o incorrecta sobre el Sitio Web de Tubosdebaja, ni sobre los Contenidos y\/o Servicios del mismo.<\/li>\n<\/ul>\n<p style=\"text-align: justify;\">A excepci\u00f3n del hiperv\u00ednculo, el sitio web en el que se establezca dicho hiperenlace no contendr\u00e1 ning\u00fan elemento, de este Sitio Web, protegido como propiedad intelectual por el ordenamiento jur\u00eddico espa\u00f1ol, salvo autorizaci\u00f3n expresa de Tubosdebaja.<\/p>\n<p style=\"text-align: justify;\">El establecimiento del hiperv\u00ednculo no implicar\u00e1 la existencia de relaciones entre Tubosdebaja y el titular del sitio web desde el cual se realice, ni el conocimiento y aceptaci\u00f3n de Tubosdebaja de los contenidos, servicios y\/o actividades ofrecidas en dicho sitio web, y viceversa.<\/p>\n<p style=\"text-align: justify;\"><strong>V. PROPIEDAD INTELECTUAL E INDUSTRIAL<\/strong><\/p>\n<p style=\"text-align: justify;\">VILATRENZ 2000 S.L por s\u00ed o como parte cesionaria, es titular de todos los derechos de propiedad intelectual e industrial del Sitio Web, as\u00ed como de los elementos contenidos en el mismo (a t\u00edtulo enunciativo y no exhaustivo, im\u00e1genes, sonido, audio, v\u00eddeo, software o textos, marcas o logotipos, combinaciones de colores, estructura y dise\u00f1o, selecci\u00f3n de materiales usados, programas de ordenador necesarios para su funcionamiento, acceso y uso, etc.).<\/p>\n<p style=\"text-align: justify;\">Espec\u00edficamente, quedan protegidos bajo la titularidad exclusiva de VILATRENZ 2000 S.L. todas las fichas t\u00e9cnicas, esquemas de trenzados, tablas de resistencia de materiales, diagramas de flujo de fluidos y especificaciones de di\u00e1metros y presiones desarrollados para los productos mostrados en este Sitio Web.<\/p>\n<p style=\"text-align: justify;\">Queda expresamente prohibida su descarga, copia, reproducci\u00f3n o uso por parte de terceros con fines comerciales o para su publicaci\u00f3n en otros cat\u00e1logos o sitios web sin el consentimiento previo y por escrito de VILATRENZ 2000 S.L.<\/p>\n<p style=\"text-align: justify;\">Ser\u00e1n, por consiguiente, obras protegidas como propiedad intelectual por el ordenamiento jur\u00eddico espa\u00f1ol, si\u00e9ndoles aplicables tanto la normativa espa\u00f1ola y comunitaria en este campo, como los tratados internacionales relativos a la materia y suscritos por Espa\u00f1a.<\/p>\n<p style=\"text-align: justify;\"><strong>Todos los derechos reservados.<\/strong><\/p>\n<p style=\"text-align: justify;\">En virtud de lo dispuesto en la Ley de Propiedad Intelectual, quedan expresamente prohibidas la reproducci\u00f3n, la distribuci\u00f3n y la comunicaci\u00f3n p\u00fablica, incluida su modalidad de puesta a disposici\u00f3n, de la totalidad o parte de los contenidos de esta p\u00e1gina web, con fines comerciales, en cualquier soporte y por cualquier medio t\u00e9cnico, sin la autorizaci\u00f3n de Tubosdebaja.<\/p>\n<p style=\"text-align: justify;\">El Usuario se compromete a respetar los derechos de propiedad intelectual e industrial de Tubosdebaja. Podr\u00e1 visualizar los elementos del Sitio Web o incluso imprimirlos, copiarlos y almacenarlos en el disco duro de su ordenador o en cualquier otro soporte f\u00edsico siempre y cuando sea, exclusivamente, para su uso personal.<\/p>\n<p style=\"text-align: justify;\">El Usuario, sin embargo, no podr\u00e1 suprimir, alterar, o manipular cualquier dispositivo de protecci\u00f3n o sistema de seguridad que estuviera instalado en el Sitio Web.<\/p>\n<p style=\"text-align: justify;\">En caso de que el Usuario o tercero considere que cualquiera de los Contenidos del Sitio Web suponga una violaci\u00f3n de los derechos de protecci\u00f3n de la propiedad intelectual, deber\u00e1 comunicarlo inmediatamente a Tubosdebaja a trav\u00e9s de los datos de contacto del apartado de INFORMACI\u00d3N GENERAL de este Aviso Legal y Condiciones Generales de Uso.<\/p>\n<p style=\"text-align: justify;\"><strong>VI. ACCIONES LEGALES, LEGISLACI\u00d3N APLICABLE Y JURISDICCI\u00d3N<\/strong><\/p>\n<p style=\"text-align: justify;\">Tubosdebaja se reserva la facultad de presentar las acciones civiles o penales que considere necesarias por la utilizaci\u00f3n indebida del Sitio Web y Contenidos, o por el incumplimiento de las presentes Condiciones.<\/p>\n<p style=\"text-align: justify;\">La relaci\u00f3n entre el Usuario y Tubosdebaja se regir\u00e1 por la normativa vigente y de aplicaci\u00f3n en el territorio espa\u00f1ol. De surgir cualquier controversia en relaci\u00f3n con la interpretaci\u00f3n y\/o a la aplicaci\u00f3n de estas Condiciones las partes someter\u00e1n sus<br \/>\nconflictos a la jurisdicci\u00f3n ordinaria someti\u00e9ndose a los jueces y tribunales que correspondan conforme a derecho.<\/p>\n<p style=\"text-align: justify;\">Conforme al Reglamento (UE) n\u00ba 524\/2013, informamos de la existencia de la plataforma de resoluci\u00f3n de litigios en l\u00ednea de la Comisi\u00f3n Europea, a la que puede acceder a trav\u00e9s del siguiente enlace: <a href=\"https:\/\/ec.europa.eu\/consumers\/odr\/\" target=\"_blank\" rel=\"noopener\">https:\/\/ec.europa.eu\/consumers\/odr\/<\/a><\/p>\n\n\t\t<\/div>\n\t<\/div>\n<\/div><\/div><\/div><div class=\"wpb_column vc_column_container vc_col-sm-2\"><div class=\"vc_column-inner\"><div class=\"wpb_wrapper\"><\/div><\/div><\/div><\/div><div class=\"vc_row-full-width vc_clearfix\"><\/div>\n<\/div>","protected":false},"excerpt":{"rendered":"AVISO LEGAL Y CONDICIONES GENERALES DE USO www.tubosdebaja.com &nbsp; I. INFORMACI\u00d3N GENERAL En cumplimiento con el deber de informaci\u00f3n dispuesto","protected":false},"author":1,"featured_media":0,"parent":0,"menu_order":0,"comment_status":"closed","ping_status":"closed","template":"","meta":{"_joinchat":[],"footnotes":""},"class_list":["post-10934","page","type-page","status-publish","hentry"],"_links":{"self":[{"href":"https:\/\/www.tubosdebaja.com\/es\/wp-json\/wp\/v2\/pages\/10934","targetHints":{"allow":["GET"]}}],"collection":[{"href":"https:\/\/www.tubosdebaja.com\/es\/wp-json\/wp\/v2\/pages"}],"about":[{"href":"https:\/\/www.tubosdebaja.com\/es\/wp-json\/wp\/v2\/types\/page"}],"author":[{"embeddable":true,"href":"https:\/\/www.tubosdebaja.com\/es\/wp-json\/wp\/v2\/users\/1"}],"replies":[{"embeddable":true,"href":"https:\/\/www.tubosdebaja.com\/es\/wp-json\/wp\/v2\/comments?post=10934"}],"version-history":[{"count":3,"href":"https:\/\/www.tubosdebaja.com\/es\/wp-json\/wp\/v2\/pages\/10934\/revisions"}],"predecessor-version":[{"id":10963,"href":"https:\/\/www.tubosdebaja.com\/es\/wp-json\/wp\/v2\/pages\/10934\/revisions\/10963"}],"wp:attachment":[{"href":"https:\/\/www.tubosdebaja.com\/es\/wp-json\/wp\/v2\/media?parent=10934"}],"curies":[{"name":"wp","href":"https:\/\/api.w.org\/{rel}","templated":true}]}}