{"id":10939,"date":"2026-01-20T19:49:33","date_gmt":"2026-01-20T18:49:33","guid":{"rendered":"https:\/\/www.tubosdebaja.com\/?page_id=10939"},"modified":"2026-03-06T13:01:27","modified_gmt":"2026-03-06T12:01:27","slug":"politica-de-cookies","status":"publish","type":"page","link":"https:\/\/www.tubosdebaja.com\/en\/politica-de-cookies\/","title":{"rendered":"COOKIES POLICY"},"content":{"rendered":"<div class=\"wpb-content-wrapper\"><div data-vc-full-width=\"true\" data-vc-full-width-temp=\"true\" data-vc-full-width-init=\"false\" class=\"vc_row wpb_row vc_row-fluid vc_custom_1768934456706 vc_row-has-fill wd-rs-696fcc2438408\"><div class=\"wpb_column vc_column_container vc_col-sm-2\"><div class=\"vc_column-inner\"><div class=\"wpb_wrapper\"><\/div><\/div><\/div><div class=\"wpb_column vc_column_container vc_col-sm-8 vc_col-has-fill wd-rs-696fcc11efa5f\"><div class=\"vc_column-inner vc_custom_1768934432724\"><div class=\"wpb_wrapper\">\n\t<div class=\"wpb_text_column wpb_content_element\" >\n\t\t<div class=\"wpb_wrapper\">\n\t\t\t<h2 style=\"text-align: center;\">COOKIES POLICY<\/h2>\n<h4 style=\"text-align: center;\">www.tubosdebaja.com<\/h4>\n<p style=\"text-align: justify;\">Access to this Website may involve the use of cookies. Cookies are small amounts of information stored in the browser used by each User \u2014on the various devices they may use to browse\u2014 so that the server remembers certain information that only the server that implemented it will subsequently read. Cookies facilitate navigation, make it more user-friendly, and do not damage the browsing device.<\/p>\n<p style=\"text-align: justify;\">Cookies are automatic procedures for collecting information relating to the preferences determined by the User during their visit to the Website in order to recognise them as a User, and to personalise their experience and the use of the Website, and can also, for example, help to identify and resolve errors.<\/p>\n<p style=\"text-align: justify;\">The information collected through cookies may include the date and time of visits to the Website, the pages viewed, the time spent on the Website, and the sites visited just before and after it. However, no cookie allows it to contact the User's telephone number or any other means of personal contact. No cookie can extract information from the User's hard drive or steal personal information. The only way for the User's private information to become part of the Cookie file is if the user personally gives that information to the server.<\/p>\n<p style=\"text-align: justify;\">Cookies that allow a person to be identified are considered personal data. Therefore, the Privacy Policy described above will apply to them. In this regard, the User's consent will be required for their use. This consent will be communicated, based on an authentic choice, offered by means of an affirmative and positive decision, before the initial treatment, and shall be removable and documented.<\/p>\n<h4 style=\"text-align: justify;\">First-party cookies<\/h4>\n<p style=\"text-align: justify;\">These are cookies that are sent to the User's computer or device and managed exclusively by for the better functioning of the Website. The information collected is used to improve the quality of the Website and its Content and your experience as a User. These cookies allow the User to be recognised as a recurring visitor to the Website and to adapt the content to offer them content that fits their preferences.<\/p>\n<h4 style=\"text-align: justify;\">Third-party cookies<\/h4>\n<p style=\"text-align: justify;\">These are cookies used and managed by external entities that provide services requested by the Website to improve the Website and the user's experience when browsing the Website. The main objectives for which third-party cookies are used are to obtain access statistics and analyse browsing information, that is, how the User interacts with the Website.<\/p>\n<p style=\"text-align: justify;\">The information obtained refers, for example, to the number of pages visited, the language, the place where the IP address from which the User accesses is located, the number of Users who access, the frequency and recurrence of visits, the visit time, the browser used, the operator or type of device from which the visit is made. This information is used to improve the Website and detect new needs to offer Users optimal quality Content and\/or service. In any case, the information is collected anonymously and Website trend reports are prepared without identifying individual users.<\/p>\n<p style=\"text-align: justify;\">You can obtain more information about cookies, privacy information, or consult the description of the type of cookies used, their main characteristics, expiration period, etc. at the following link(s):<\/p>\n<p style=\"text-align: justify;\">The entity(ies) in charge of supplying cookies may transfer this information to third parties, as long as it is required by law or a third party processes this information for said entities.<\/p>\n<h4 style=\"text-align: justify;\">Social media cookies<\/h4>\n<p style=\"text-align: justify;\">incorporates social media plugins, which allow access to them from the Website. For this reason, social media cookies may be stored in the User's browser. The owners of these social networks have their own data protection and cookies policies, being themselves, in each case, responsible for their own files and their own privacy practices. The User must refer to them to find out about said cookies and, where appropriate, the processing of their personal data. For information purposes only, the links where these privacy and\/or cookies policies can be consulted are indicated below:<\/p>\n<ul style=\"text-align: justify;\">\n<li class=\"translation-block\">Facebook:\u00a0<a href=\"https:\/\/www.facebook.com\/policies\/cookies\/\" target=\"_self\">https:\/\/www.facebook.com\/policies\/cookies\/<\/a><\/li>\n<li class=\"translation-block\">Twitter:\u00a0<a href=\"https:\/\/twitter.com\/es\/privacy\" target=\"_self\">https:\/\/twitter.com\/es\/privacy<\/a><\/li>\n<li class=\"translation-block\">Instagram:\u00a0<a href=\"https:\/\/help.instagram.com\/1896641480634370?ref=ig\" target=\"_self\">https:\/\/help.instagram.com\/1896641480634370?ref=ig<\/a><\/li>\n<li class=\"translation-block\">YouTube:\u00a0<a href=\"https:\/\/policies.google.com\/privacy?hl=es-419&amp;gl=mx\" target=\"_self\">https:\/\/policies.google.com\/privacy?hl=es-419&amp;gl=mx<\/a><\/li>\n<li class=\"translation-block\">Pinterest:\u00a0<a href=\"https:\/\/policy.pinterest.com\/es\/privacy-policy\" target=\"_self\">https:\/\/policy.pinterest.com\/es\/privacy-policy<\/a><\/li>\n<li class=\"translation-block\">LinkedIn:\u00a0<a href=\"https:\/\/www.linkedin.com\/legal\/cookie-policy?trk=hp-cookies\" target=\"_self\">https:\/\/www.linkedin.com\/legal\/cookie-policy?trk=hp-cookies<\/a><\/li>\n<\/ul>\n<h4 style=\"text-align: justify;\">Disabling, rejecting and deleting cookies<\/h4>\n<p style=\"text-align: justify;\">The User can disable, reject and delete cookies \u2014totally or partially\u2014 installed on their device through their browser settings (including, for example, Chrome, Firefox, Safari, Explorer). In this sense, the procedures for rejecting and deleting cookies may differ from one Internet browser to another. Consequently, the User must follow the instructions provided by the Internet browser they are using. In the event that they reject the use of cookies \u2014totally or partially\u2014 they may continue to use the Website, although the use of some of its features may be limited.<\/p>\n\n\t\t<\/div>\n\t<\/div>\n<\/div><\/div><\/div><div class=\"wpb_column vc_column_container vc_col-sm-2\"><div class=\"vc_column-inner\"><div class=\"wpb_wrapper\"><\/div><\/div><\/div><\/div><div class=\"vc_row-full-width vc_clearfix\"><\/div>\n<\/div>","protected":false},"excerpt":{"rendered":"POL\u00cdTICA DE COOKIES www.tubosdebaja.com El acceso a este Sitio Web puede implicar la utilizaci\u00f3n de cookies. Las cookies son peque\u00f1as","protected":false},"author":1,"featured_media":0,"parent":0,"menu_order":0,"comment_status":"closed","ping_status":"closed","template":"","meta":{"_joinchat":[],"footnotes":""},"class_list":["post-10939","page","type-page","status-publish","hentry"],"_links":{"self":[{"href":"https:\/\/www.tubosdebaja.com\/en\/wp-json\/wp\/v2\/pages\/10939","targetHints":{"allow":["GET"]}}],"collection":[{"href":"https:\/\/www.tubosdebaja.com\/en\/wp-json\/wp\/v2\/pages"}],"about":[{"href":"https:\/\/www.tubosdebaja.com\/en\/wp-json\/wp\/v2\/types\/page"}],"author":[{"embeddable":true,"href":"https:\/\/www.tubosdebaja.com\/en\/wp-json\/wp\/v2\/users\/1"}],"replies":[{"embeddable":true,"href":"https:\/\/www.tubosdebaja.com\/en\/wp-json\/wp\/v2\/comments?post=10939"}],"version-history":[{"count":1,"href":"https:\/\/www.tubosdebaja.com\/en\/wp-json\/wp\/v2\/pages\/10939\/revisions"}],"predecessor-version":[{"id":10940,"href":"https:\/\/www.tubosdebaja.com\/en\/wp-json\/wp\/v2\/pages\/10939\/revisions\/10940"}],"wp:attachment":[{"href":"https:\/\/www.tubosdebaja.com\/en\/wp-json\/wp\/v2\/media?parent=10939"}],"curies":[{"name":"wp","href":"https:\/\/api.w.org\/{rel}","templated":true}]}}